{"id":1236,"date":"2026-04-16T12:06:23","date_gmt":"2026-04-16T09:06:23","guid":{"rendered":"https:\/\/pvcaquamaker.com\/pt\/?page_id=1236"},"modified":"2026-04-16T12:13:50","modified_gmt":"2026-04-16T09:13:50","slug":"folheto","status":"publish","type":"page","link":"https:\/\/pvcaquamaker.com\/pt\/folheto\/","title":{"rendered":"Folheto"},"content":{"rendered":"\t\t<div data-elementor-type=\"wp-page\" data-elementor-id=\"1236\" class=\"elementor elementor-1236\">\n\t\t\t\t\t\t<section class=\"elementor-section elementor-top-section elementor-element elementor-element-9ef1417 elementor-section-boxed elementor-section-height-default elementor-section-height-default\" data-id=\"9ef1417\" data-element_type=\"section\" data-e-type=\"section\" data-settings=\"{&quot;background_background&quot;:&quot;slideshow&quot;,&quot;background_slideshow_gallery&quot;:[{&quot;id&quot;:598,&quot;url&quot;:&quot;https:\\\/\\\/pvcaquamaker.com\\\/pt\\\/wp-content\\\/uploads\\\/2024\\\/09\\\/alt-slider-22.jpg&quot;},{&quot;id&quot;:536,&quot;url&quot;:&quot;https:\\\/\\\/pvcaquamaker.com\\\/pt\\\/wp-content\\\/uploads\\\/2024\\\/09\\\/alt_slider.jpg&quot;}],&quot;background_slideshow_ken_burns&quot;:&quot;yes&quot;,&quot;background_slideshow_loop&quot;:&quot;yes&quot;,&quot;background_slideshow_slide_duration&quot;:5000,&quot;background_slideshow_slide_transition&quot;:&quot;fade&quot;,&quot;background_slideshow_transition_duration&quot;:500,&quot;background_slideshow_ken_burns_zoom_direction&quot;:&quot;in&quot;}\">\n\t\t\t\t\t\t<div class=\"elementor-container elementor-column-gap-default\">\n\t\t\t\t\t<div class=\"elementor-column elementor-col-100 elementor-top-column elementor-element elementor-element-a19d93e\" data-id=\"a19d93e\" data-element_type=\"column\" data-e-type=\"column\">\n\t\t\t<div class=\"elementor-widget-wrap elementor-element-populated\">\n\t\t\t\t\t\t<div class=\"elementor-element elementor-element-f46a599 elementor-widget elementor-widget-gva-heading-block\" data-id=\"f46a599\" data-element_type=\"widget\" data-e-type=\"widget\" data-widget_type=\"gva-heading-block.default\">\n\t\t\t\t<div class=\"elementor-widget-container\">\n\t\t\t\t\t<div class=\"gva-element-gva-heading-block gva-element\">   <div class=\"align-left style-1 widget gsc-heading box-align-left auto-responsive\">\r\n      <div class=\"content-inner\">\r\n         \r\n                  \r\n           \r\n         \r\n                     <h2 class=\"title\">\r\n               <span>Folheto\n<\/span>\r\n            <\/h2>\r\n                  \r\n         \r\n         \r\n      <\/div>\r\n   <\/div>\r\n<\/div>\t\t\t\t<\/div>\n\t\t\t\t<\/div>\n\t\t\t\t\t<\/div>\n\t\t<\/div>\n\t\t\t\t\t<\/div>\n\t\t<\/section>\n\t\t\t\t<section class=\"elementor-section elementor-top-section elementor-element elementor-element-34b73320 elementor-section-boxed elementor-section-height-default elementor-section-height-default\" data-id=\"34b73320\" data-element_type=\"section\" data-e-type=\"section\">\n\t\t\t\t\t\t<div class=\"elementor-container elementor-column-gap-no\">\n\t\t\t\t\t<div class=\"elementor-column elementor-col-100 elementor-top-column elementor-element elementor-element-7c450da\" data-id=\"7c450da\" data-element_type=\"column\" data-e-type=\"column\">\n\t\t\t<div class=\"elementor-widget-wrap elementor-element-populated\">\n\t\t\t\t\t\t<div class=\"elementor-element elementor-element-012a9d0 elementor-widget elementor-widget-text-editor\" data-id=\"012a9d0\" data-element_type=\"widget\" data-e-type=\"widget\" data-widget_type=\"text-editor.default\">\n\t\t\t\t<div class=\"elementor-widget-container\">\n\t\t\t\t\t\t\t\t\t<div class=\"aqua-maker-page\" style=\"font-family: Arial, sans-serif; color: #222; line-height: 1.7;\"><section style=\"padding: 60px 25px; background: #f7fbfc; border-radius: 18px; margin-bottom: 30px;\"><div style=\"max-width: 1200px; margin: 0 auto;\"><p><span style=\"display: inline-block; padding: 8px 16px; background: #0b6b7a; color: #fff; border-radius: 30px; font-size: 14px; margin-bottom: 18px;\">Solu\u00e7\u00e3o de Resfriamento Evaporativo de Produ\u00e7\u00e3o Nacional<\/span><\/p><h1 style=\"font-size: 29px; line-height: 1.2; margin: 0 0 20px 0; color: #0d2f3a;\">Sistema de Pain\u00e9is Evaporativos Aqua Maker em Pl\u00e1stico PVC com Reservat\u00f3rio de \u00c1gua Integrado<\/h1><p style=\"font-size: 18px; max-width: 1200px; margin: 0; text-align: justify;\">Em avi\u00e1rios e estufas, as estruturas galvanizadas tradicionais utilizadas em sistemas de <strong>resfriamento evaporativo<\/strong> (celdek) ficam constantemente expostas \u00e0 \u00e1gua e \u00e0 umidade, deteriorando-se e tornando-se inutiliz\u00e1veis em 5 a 10 anos. Como Aqua Maker, com mais de 20 anos de experi\u00eancia de campo, identificamos esse problema e desenvolvemos a solu\u00e7\u00e3o: sistema de pain\u00e9is evaporativos em pl\u00e1stico PVC com reservat\u00f3rio integrado.<\/p><\/div><\/section><section style=\"max-width: 1200px; margin: 0 auto 40px auto; padding: 0 15px;\"><div style=\"display: grid; grid-template-columns: repeat(4,1fr); gap: 20px;\"><div style=\"background: #fff; border: 1px solid #e5ecef; border-radius: 16px; padding: 25px; text-align: center;\"><div style=\"font-size: 32px; font-weight: bold; color: #0b6b7a;\">100%<\/div><div style=\"font-weight: bold;\">RISCO DE CORROS\u00c3O E FERRUGEM<\/div><\/div><div style=\"background: #fff; border: 1px solid #e5ecef; border-radius: 16px; padding: 25px; text-align: center;\"><div style=\"font-size: 32px; font-weight: bold; color: #0b6b7a;\">100%<\/div><div style=\"font-weight: bold;\">EFICI\u00caNCIA DE RESFRIAMENTO<\/div><\/div><div style=\"background: #fff; border: 1px solid #e5ecef; border-radius: 16px; padding: 25px; text-align: center;\"><div style=\"font-size: 32px; font-weight: bold; color: #0b6b7a;\">100%<\/div><div style=\"font-weight: bold;\">PRODU\u00c7\u00c3O NACIONAL<\/div><\/div><div style=\"background: #fff; border: 1px solid #e5ecef; border-radius: 16px; padding: 25px; text-align: center;\"><div style=\"font-size: 32px; font-weight: bold; color: #0b6b7a;\">ESPECIAL<\/div><div style=\"font-weight: bold;\">PRODU\u00c7\u00c3O NAS DIMENS\u00d5ES DESEJADAS<\/div><\/div><\/div><\/section><section style=\"max-width: 1200px; margin: 0 auto 50px auto; padding: 0 15px;\"><div style=\"display: grid; grid-template-columns: 1.05fr 0.95fr; gap: 35px; align-items: start;\"><div><h2 style=\"font-size: 30px; margin-bottom: 18px; color: #0d2f3a;\">Por que escolher o Aqua Maker?<\/h2><p style=\"text-align: justify;\">Este sistema oferece uma infraestrutura dur\u00e1vel de <b>resfriamento evaporativo por pain\u00e9is<\/b> gra\u00e7as \u00e0 sua estrutura em PVC que nunca se deteriora nem enferruja. \u00c9 produzido localmente em nossas pr\u00f3prias instala\u00e7\u00f5es nas dimens\u00f5es desejadas. Utilizamos produtos Pimta\u015f nos equipamentos de conex\u00e3o. A estrutura Aqua Maker \u00e9 totalmente composta por componentes pl\u00e1sticos de PVC. Os equipamentos auxiliares utilizam produtos Pimta\u015f comprovados em qualidade e confiabilidade.<\/p><\/div><div style=\"background: #eef6f8; border-radius: 20px; padding: 30px;\"><ul style=\"margin: 0; padding-left: 20px;\"><li>Estrutura em PVC que n\u00e3o se deteriora nem enferruja<\/li><li>Produ\u00e7\u00e3o nacional em nossas instala\u00e7\u00f5es<\/li><li>Fabrica\u00e7\u00e3o nas dimens\u00f5es desejadas<\/li><li>Equipamentos de conex\u00e3o Pimta\u015f<\/li><li>Longa vida \u00fatil<\/li><li>Estrutura adequada para sistemas de resfriamento evaporativo<\/li><\/ul><\/div><\/div><\/section><section style=\"max-width: 1200px; margin: 0 auto 45px auto; padding: 0 15px;\"><h3 style=\"font-size: 25px; margin-bottom: 18px; color: #0d2f3a;\">Diferen\u00e7as entre a estrutura de resfriamento evaporativo Aqua Maker em PVC e a caixa galvanizada<\/h3><p style=\"text-align: justify;\"><strong>Os pain\u00e9is de resfriamento evaporativo<\/strong> (celdek) operam em contato cont\u00ednuo com a \u00e1gua. As caixas feitas de chapa galvanizada sofrem corros\u00e3o ao longo do tempo devido ao efeito abrasivo da \u00e1gua e se deterioram em 5 a 10 anos. Isso reduz a efici\u00eancia dos pain\u00e9is, causa vazamentos de \u00e1gua e aumenta os custos de manuten\u00e7\u00e3o. J\u00e1 o sistema Aqua Maker em PVC \u00e9 totalmente resistente \u00e0 \u00e1gua, umidade, ambientes \u00e1cidos e \u00e0 exposi\u00e7\u00e3o solar.<\/p><\/section><section style=\"max-width: 1200px; margin: 0 auto 50px auto; padding: 0 15px;\"><h2 style=\"font-size: 24px; margin-bottom: 22px; color: #0d2f3a;\">Compara\u00e7\u00e3o entre a estrutura evaporativa Aqua Maker em PVC e a caixa de resfriamento galvanizada<\/h2><div style=\"overflow-x: auto;\"><table style=\"width: 100%; border-collapse: collapse; min-width: 900px; background: #fff; border: 1px solid #e5ecef;\"><thead><tr style=\"background: #0b6b7a; color: #fff;\"><th style=\"padding: 16px; text-align: left;\"><span style=\"color: #ffff99;\">CARACTER\u00cdSTICA<\/span><\/th><th style=\"padding: 16px; text-align: left;\"><span style=\"color: #ffff99;\">CAIXA GALVANIZADA<\/span><\/th><th style=\"padding: 16px; text-align: left;\"><span style=\"color: #ffff99;\">ESTRUTURA PVC AQUA MAKER<\/span><\/th><\/tr><\/thead><tbody><tr><td style=\"padding: 14px; border-top: 1px solid #e5ecef;\">Resist\u00eancia \u00e0 corros\u00e3o<\/td><td style=\"padding: 14px; border-top: 1px solid #e5ecef;\">Deteriora-se em 5\u201310 anos<\/td><td style=\"padding: 14px; border-top: 1px solid #e5ecef;\">N\u00e3o se deteriora nem enferruja<\/td><\/tr><tr style=\"background: #f8fbfc;\"><td style=\"padding: 14px; border-top: 1px solid #e5ecef;\">Resist\u00eancia UV<\/td><td style=\"padding: 14px; border-top: 1px solid #e5ecef;\">A pintura descasca com o tempo<\/td><td style=\"padding: 14px; border-top: 1px solid #e5ecef;\">PVC resistente a UV, sem desbotamento<\/td><\/tr><tr><td style=\"padding: 14px; border-top: 1px solid #e5ecef;\">Resist\u00eancia \u00e0 \u00e1gua<\/td><td style=\"padding: 14px; border-top: 1px solid #e5ecef;\">Desgasta-se com contato cont\u00ednuo<\/td><td style=\"padding: 14px; border-top: 1px solid #e5ecef;\">Totalmente resistente<\/td><\/tr><tr style=\"background: #f8fbfc;\"><td style=\"padding: 14px; border-top: 1px solid #e5ecef;\">Peso<\/td><td style=\"padding: 14px; border-top: 1px solid #e5ecef;\">Pesado, dif\u00edcil de transportar<\/td><td style=\"padding: 14px; border-top: 1px solid #e5ecef;\">Mais leve, f\u00e1cil instala\u00e7\u00e3o<\/td><\/tr><tr><td style=\"padding: 14px; border-top: 1px solid #e5ecef;\">Custo de manuten\u00e7\u00e3o<\/td><td style=\"padding: 14px; border-top: 1px solid #e5ecef;\">Limpeza dif\u00edcil, custo elevado<\/td><td style=\"padding: 14px; border-top: 1px solid #e5ecef;\">F\u00e1cil limpeza, baixo custo de manuten\u00e7\u00e3o<\/td><\/tr><tr style=\"background: #f8fbfc;\"><td style=\"padding: 14px; border-top: 1px solid #e5ecef;\">Dimens\u00f5es personalizadas<\/td><td style=\"padding: 14px; border-top: 1px solid #e5ecef;\">Limitadas<\/td><td style=\"padding: 14px; border-top: 1px solid #e5ecef;\">Produ\u00e7\u00e3o sob medida<\/td><\/tr><tr><td style=\"padding: 14px; border-top: 1px solid #e5ecef;\">Produ\u00e7\u00e3o<\/td><td style=\"padding: 14px; border-top: 1px solid #e5ecef;\">Produto padr\u00e3o<\/td><td style=\"padding: 14px; border-top: 1px solid #e5ecef;\">Produ\u00e7\u00e3o AQUA MAKER<\/td><\/tr><tr style=\"background: #f8fbfc;\"><td style=\"padding: 14px; border-top: 1px solid #e5ecef;\">Instala\u00e7\u00e3o<\/td><td style=\"padding: 14px; border-top: 1px solid #e5ecef;\">Dif\u00edcil e cara<\/td><td style=\"padding: 14px; border-top: 1px solid #e5ecef;\">Pronto para uso, sem necessidade de reservat\u00f3rio adicional<\/td><\/tr><\/tbody><\/table><\/div><\/section><section style=\"max-width: 1200px; margin: 0 auto 55px auto; padding: 0 15px;\"><h2 style=\"font-size: 30px; margin-bottom: 22px; color: #0d2f3a;\">Caracter\u00edsticas em Destaque<\/h2><div style=\"display: grid; grid-template-columns: repeat(2,1fr); gap: 24px;\"><div style=\"background: #fff; border: 1px solid #e5ecef; border-radius: 18px; padding: 28px;\"><h3 style=\"margin-top: 0; color: #0b6b7a;\">\ud83d\udee1\ufe0f Estrutura que n\u00e3o apodrece nem enferruja<\/h3><p style=\"margin-bottom: 0; text-align: justify;\">A estrutura do painel de resfriamento Aqua Maker com reservat\u00f3rio integrado oferece prote\u00e7\u00e3o total contra os efeitos abrasivos da \u00e1gua, da umidade e de ambientes \u00e1cidos gra\u00e7as ao seu material PVC de alta resist\u00eancia, ao contr\u00e1rio das caixas galvanizadas. A estrutura n\u00e3o se deteriora durante toda a sua vida \u00fatil.<\/p><\/div><div style=\"background: #fff; border: 1px solid #e5ecef; border-radius: 18px; padding: 28px;\"><h3 style=\"margin-top: 0; color: #0b6b7a;\">\ud83d\udcd0 Produ\u00e7\u00e3o especial nas dimens\u00f5es desejadas<\/h3><p style=\"margin-bottom: 0; text-align: justify;\">Produzimos localmente em nossas pr\u00f3prias instala\u00e7\u00f5es as estruturas de pain\u00e9is de resfriamento Aqua Maker em PVC e as caixas de pain\u00e9is em PVC. Podemos fabricar em dimens\u00f5es especiais de acordo com as medidas da sua instala\u00e7\u00e3o. Os equipamentos de conex\u00e3o utilizam produtos Pimta\u015f. N\u00e3o s\u00e3o utilizados equipamentos de conex\u00e3o de baixa qualidade. Sua estrutura modular permite f\u00e1cil montagem.<\/p><\/div><div style=\"background: #fff; border: 1px solid #e5ecef; border-radius: 18px; padding: 28px;\"><h3 style=\"margin-top: 0; color: #0b6b7a;\">\u2600\ufe0f Estrutura externa e equipamentos de conex\u00e3o resistentes aos raios UV<\/h3><p style=\"margin-bottom: 0; text-align: justify;\">As caixas dos pain\u00e9is instaladas em telhados ou fachadas externas ficam constantemente expostas ao sol. Nossa estrutura em PVC resistente aos raios UV n\u00e3o se torna fr\u00e1gil nem perde a cor sob a exposi\u00e7\u00e3o solar. Oferece alta resist\u00eancia contra rachaduras e quebras.<\/p><\/div><div style=\"background: #fff; border: 1px solid #e5ecef; border-radius: 18px; padding: 28px;\"><h3 style=\"margin-top: 0; color: #0b6b7a;\">\ud83d\udd04 Compatibilidade com pain\u00e9is de resfriamento<\/h3><p style=\"margin-bottom: 0; text-align: justify;\">As caixas dos pain\u00e9is de resfriamento em PVC Aqua Maker s\u00e3o totalmente compat\u00edveis com os pain\u00e9is de resfriamento celul\u00f3sicos Aqua Maker (celdek). A substitui\u00e7\u00e3o dos pain\u00e9is pode ser realizada de forma f\u00e1cil e pr\u00e1tica.<\/p><\/div><\/div><\/section><section style=\"padding: 55px 25px; background: #f3f8fa; margin-bottom: 50px;\"><div style=\"max-width: 1200px; margin: 0 auto;\"><h2 style=\"font-size: 30px; margin-top: 0; margin-bottom: 20px; color: #0d2f3a;\">Como funciona o sistema de estrutura de pain\u00e9is de resfriamento evaporativo Aqua Maker em PVC?<\/h2><p style=\"margin: 0; text-align: justify;\">O sistema Aqua Maker em PVC com reservat\u00f3rio integrado \u00e9 instalado em um lado do edif\u00edcio. Enquanto os ventiladores industriais de exaust\u00e3o colocados no lado oposto retiram o ar interno, o ar fresco externo atravessa os pain\u00e9is de resfriamento evaporativo celul\u00f3sicos \u00famidos localizados dentro da estrutura pl\u00e1stica e entra no interior. Durante essa passagem, o ar \u00e9 resfriado e filtrado. Esse sistema \u00e9 chamado de \u201csistema Pad-Fan\u201d e constitui um dos m\u00e9todos de resfriamento evaporativo mais eficientes em instala\u00e7\u00f5es industriais.<\/p><\/div><\/section><section style=\"max-width: 1200px; margin: 0 auto 55px auto; padding: 0 15px;\"><h2 style=\"font-size: 30px; margin-bottom: 22px; color: #0d2f3a;\">\u00c1reas de Utiliza\u00e7\u00e3o da Estrutura de Pain\u00e9is de Resfriamento AQUA MAKER em PVC<\/h2><div style=\"display: grid; grid-template-columns: repeat(3,1fr); gap: 24px;\"><div style=\"background: #fff; border: 1px solid #e5ecef; border-radius: 18px; padding: 28px;\"><h3 style=\"margin-top: 0;\">\ud83c\udfed F\u00e1bricas e Oficinas<\/h3><p style=\"margin-bottom: 0; text-align: justify;\">Sistema de estrutura de pain\u00e9is de resfriamento evaporativo em PVC com reservat\u00f3rio integrado para aplica\u00e7\u00f5es de resfriamento evaporativo de parede em instala\u00e7\u00f5es industriais de grande volume.<\/p><\/div><div style=\"background: #fff; border: 1px solid #e5ecef; border-radius: 18px; padding: 28px;\"><h3 style=\"margin-top: 0;\">\ud83d\udc14 Avi\u00e1rios e Granjas Av\u00edcolas<\/h3><p style=\"margin-bottom: 0; text-align: justify;\">O sistema de resfriamento Aqua Maker em PVC oferece uma vida \u00fatil muito mais longa do que sistemas galvanizados gra\u00e7as \u00e0 sua resist\u00eancia \u00e0 am\u00f4nia e \u00e0 umidade nos sistemas de ventila\u00e7\u00e3o de avi\u00e1rios.<\/p><\/div><div style=\"background: #fff; border: 1px solid #e5ecef; border-radius: 18px; padding: 28px;\"><h3 style=\"margin-top: 0;\">\ud83c\udf3f Estufas<\/h3><p style=\"margin-bottom: 0; text-align: justify;\">Nos sistemas de resfriamento para estufas, oferece uma infraestrutura livre de corros\u00e3o para aplica\u00e7\u00f5es pad-fan com ventiladores de exaust\u00e3o e proporciona uso confi\u00e1vel a longo prazo. Sistema Aqua Maker em PVC com reservat\u00f3rio de \u00e1gua integrado.<\/p><\/div><\/div><\/section><section style=\"max-width: 1200px; margin: 0 auto 45px auto; padding: 0 15px;\"><div style=\"background: linear-gradient(135deg,#0b6b7a,#104d57); color: #fff; border-radius: 22px; padding: 38px;\"><h2 style=\"margin-top: 0; font-size: 30px;\"><span style=\"color: #ffff99;\">Em seus avi\u00e1rios e estufas, a caixa do seu painel de resfriamento galvanizado deteriorou-se?<\/span><\/h2><p style=\"margin-bottom: 0; font-size: 17px; text-align: justify;\">Se voc\u00ea estiver enfrentando deteriora\u00e7\u00e3o da caixa galvanizada em seu sistema atual de resfriamento evaporativo, poder\u00e1 substitu\u00ed-la pelo sistema de pain\u00e9is com caixa em pl\u00e1stico PVC Aqua Maker. Realizamos produ\u00e7\u00e3o sob medida de acordo com as dimens\u00f5es do seu sistema existente. Obtenha resfriamento eficiente por muitos anos sem enfrentar novamente problemas de deteriora\u00e7\u00e3o.<\/p><\/div><\/section><section style=\"max-width: 1200px; margin: 0 auto; padding: 0 15px 20px 15px;\"><h2 style=\"font-size: 30px; margin-bottom: 18px; color: #0d2f3a;\">AQUA MAKER, Solu\u00e7\u00e3o de Resfriamento Evaporativo (CELDEK)<\/h2><p style=\"margin: 0; text-align: justify;\">Oferecemos um sistema completo de resfriamento e ventila\u00e7\u00e3o composto pelo sistema de pain\u00e9is Aqua Maker em PVC com reservat\u00f3rio integrado, pain\u00e9is evaporativos celul\u00f3sicos (CELDEK), resfriadores evaporativos industriais e ventiladores de exaust\u00e3o. Voc\u00ea tamb\u00e9m pode conhecer nossas solu\u00e7\u00f5es de dutos t\u00eaxteis de ventila\u00e7\u00e3o para garantir a distribui\u00e7\u00e3o homog\u00eanea do ar fresco dentro da instala\u00e7\u00e3o. Estamos ao seu lado com a vantagem de uma solu\u00e7\u00e3o completa sob o mesmo teto.<\/p><\/section><\/div>\t\t\t\t\t\t\t\t<\/div>\n\t\t\t\t<\/div>\n\t\t\t\t\t<\/div>\n\t\t<\/div>\n\t\t\t\t\t<\/div>\n\t\t<\/section>\n\t\t\t\t<\/div>\n\t\t","protected":false},"excerpt":{"rendered":"<p>Folheto Solu\u00e7\u00e3o de Resfriamento Evaporativo de Produ\u00e7\u00e3o Nacional Sistema de Pain\u00e9is Evaporativos Aqua Maker em Pl\u00e1stico PVC com Reservat\u00f3rio de \u00c1gua Integrado Em avi\u00e1rios e estufas, as estruturas galvanizadas tradicionais utilizadas em sistemas de resfriamento evaporativo (celdek) ficam constantemente expostas \u00e0 \u00e1gua e \u00e0 umidade, deteriorando-se e tornando-se inutiliz\u00e1veis em 5 a 10 anos. Como [&hellip;]<\/p>\n","protected":false},"author":1,"featured_media":0,"parent":0,"menu_order":0,"comment_status":"closed","ping_status":"closed","template":"","meta":{"footnotes":""},"class_list":["post-1236","page","type-page","status-publish","hentry"],"_links":{"self":[{"href":"https:\/\/pvcaquamaker.com\/pt\/wp-json\/wp\/v2\/pages\/1236","targetHints":{"allow":["GET"]}}],"collection":[{"href":"https:\/\/pvcaquamaker.com\/pt\/wp-json\/wp\/v2\/pages"}],"about":[{"href":"https:\/\/pvcaquamaker.com\/pt\/wp-json\/wp\/v2\/types\/page"}],"author":[{"embeddable":true,"href":"https:\/\/pvcaquamaker.com\/pt\/wp-json\/wp\/v2\/users\/1"}],"replies":[{"embeddable":true,"href":"https:\/\/pvcaquamaker.com\/pt\/wp-json\/wp\/v2\/comments?post=1236"}],"version-history":[{"count":10,"href":"https:\/\/pvcaquamaker.com\/pt\/wp-json\/wp\/v2\/pages\/1236\/revisions"}],"predecessor-version":[{"id":1248,"href":"https:\/\/pvcaquamaker.com\/pt\/wp-json\/wp\/v2\/pages\/1236\/revisions\/1248"}],"wp:attachment":[{"href":"https:\/\/pvcaquamaker.com\/pt\/wp-json\/wp\/v2\/media?parent=1236"}],"curies":[{"name":"wp","href":"https:\/\/api.w.org\/{rel}","templated":true}]}}