{"id":1239,"date":"2026-04-16T12:15:38","date_gmt":"2026-04-16T09:15:38","guid":{"rendered":"https:\/\/pvcaquamaker.com\/it\/?page_id=1239"},"modified":"2026-04-16T12:17:09","modified_gmt":"2026-04-16T09:17:09","slug":"opuscolo","status":"publish","type":"page","link":"https:\/\/pvcaquamaker.com\/it\/opuscolo\/","title":{"rendered":"Opuscolo"},"content":{"rendered":"\t\t<div data-elementor-type=\"wp-page\" data-elementor-id=\"1239\" class=\"elementor elementor-1239\">\n\t\t\t\t\t\t<section class=\"elementor-section elementor-top-section elementor-element elementor-element-9ef1417 elementor-section-boxed elementor-section-height-default elementor-section-height-default\" data-id=\"9ef1417\" data-element_type=\"section\" data-e-type=\"section\" data-settings=\"{&quot;background_background&quot;:&quot;slideshow&quot;,&quot;background_slideshow_gallery&quot;:[{&quot;id&quot;:598,&quot;url&quot;:&quot;https:\\\/\\\/pvcaquamaker.com\\\/it\\\/wp-content\\\/uploads\\\/2024\\\/09\\\/alt-slider-22.jpg&quot;},{&quot;id&quot;:536,&quot;url&quot;:&quot;https:\\\/\\\/pvcaquamaker.com\\\/it\\\/wp-content\\\/uploads\\\/2024\\\/09\\\/alt_slider.jpg&quot;}],&quot;background_slideshow_ken_burns&quot;:&quot;yes&quot;,&quot;background_slideshow_loop&quot;:&quot;yes&quot;,&quot;background_slideshow_slide_duration&quot;:5000,&quot;background_slideshow_slide_transition&quot;:&quot;fade&quot;,&quot;background_slideshow_transition_duration&quot;:500,&quot;background_slideshow_ken_burns_zoom_direction&quot;:&quot;in&quot;}\">\n\t\t\t\t\t\t<div class=\"elementor-container elementor-column-gap-default\">\n\t\t\t\t\t<div class=\"elementor-column elementor-col-100 elementor-top-column elementor-element elementor-element-a19d93e\" data-id=\"a19d93e\" data-element_type=\"column\" data-e-type=\"column\">\n\t\t\t<div class=\"elementor-widget-wrap elementor-element-populated\">\n\t\t\t\t\t\t<div class=\"elementor-element elementor-element-f46a599 elementor-widget elementor-widget-gva-heading-block\" data-id=\"f46a599\" data-element_type=\"widget\" data-e-type=\"widget\" data-widget_type=\"gva-heading-block.default\">\n\t\t\t\t<div class=\"elementor-widget-container\">\n\t\t\t\t\t<div class=\"gva-element-gva-heading-block gva-element\">   <div class=\"align-left style-1 widget gsc-heading box-align-left auto-responsive\">\r\n      <div class=\"content-inner\">\r\n         \r\n                  \r\n           \r\n         \r\n                     <h2 class=\"title\">\r\n               <span>Opuscolo\n<\/span>\r\n            <\/h2>\r\n                  \r\n         \r\n         \r\n      <\/div>\r\n   <\/div>\r\n<\/div>\t\t\t\t<\/div>\n\t\t\t\t<\/div>\n\t\t\t\t\t<\/div>\n\t\t<\/div>\n\t\t\t\t\t<\/div>\n\t\t<\/section>\n\t\t\t\t<section class=\"elementor-section elementor-top-section elementor-element elementor-element-34b73320 elementor-section-boxed elementor-section-height-default elementor-section-height-default\" data-id=\"34b73320\" data-element_type=\"section\" data-e-type=\"section\">\n\t\t\t\t\t\t<div class=\"elementor-container elementor-column-gap-no\">\n\t\t\t\t\t<div class=\"elementor-column elementor-col-100 elementor-top-column elementor-element elementor-element-73e4cc2\" data-id=\"73e4cc2\" data-element_type=\"column\" data-e-type=\"column\">\n\t\t\t<div class=\"elementor-widget-wrap elementor-element-populated\">\n\t\t\t\t\t\t<div class=\"elementor-element elementor-element-b1c5c95 elementor-widget elementor-widget-text-editor\" data-id=\"b1c5c95\" data-element_type=\"widget\" data-e-type=\"widget\" data-widget_type=\"text-editor.default\">\n\t\t\t\t<div class=\"elementor-widget-container\">\n\t\t\t\t\t\t\t\t\t<div class=\"aqua-maker-page\" style=\"font-family: Arial, sans-serif; color: #222; line-height: 1.7;\"><section style=\"padding: 60px 25px; background: #f7fbfc; border-radius: 18px; margin-bottom: 30px;\">\n<div style=\"max-width: 1200px; margin: 0 auto;\">\n\n<span style=\"display: inline-block; padding: 8px 16px; background: #0b6b7a; color: #fff; border-radius: 30px; font-size: 14px; margin-bottom: 18px;\">Soluzione di Raffreddamento Evaporativo di Produzione Nazionale<\/span>\n<h1 style=\"font-size: 29px; line-height: 1.2; margin: 0 0 20px 0; color: #0d2f3a;\">Sistema di Pannelli di Raffreddamento Evaporativo Aqua Maker in Plastica PVC con Serbatoio d\u2019Acqua Integrato<\/h1>\n<p style=\"font-size: 18px; max-width: 1200px; margin: 0; text-align: justify;\">Nei pollai e nelle serre, le tradizionali casse zincate utilizzate nei sistemi di <strong>raffreddamento evaporativo<\/strong> (celdek) sono costantemente esposte all\u2019acqua e all\u2019umidit\u00e0, deteriorandosi e diventando inutilizzabili entro 5\u201310 anni. Noi di Aqua Maker, con oltre 20 anni di esperienza sul campo, abbiamo individuato questo problema e sviluppato la sua soluzione: un sistema di pannelli di raffreddamento evaporativo in plastica PVC con serbatoio integrato.<\/p>\n\n<\/div>\n<\/section><section style=\"max-width: 1200px; margin: 0 auto 40px auto; padding: 0 15px;\">\n<div style=\"display: grid; grid-template-columns: repeat(4,1fr); gap: 20px;\">\n<div style=\"background: #fff; border: 1px solid #e5ecef; border-radius: 16px; padding: 25px; text-align: center; box-shadow: 0 8px 24px rgba(0,0,0,0.04);\">\n<div style=\"font-size: 32px; font-weight: bold; color: #0b6b7a; margin-bottom: 10px;\">100%<\/div>\n<div style=\"font-weight: bold;\">RISCHIO DI DETERIORAMENTO E RUGGINE<\/div>\n<\/div>\n<div style=\"background: #fff; border: 1px solid #e5ecef; border-radius: 16px; padding: 25px; text-align: center; box-shadow: 0 8px 24px rgba(0,0,0,0.04);\">\n<div style=\"font-size: 32px; font-weight: bold; color: #0b6b7a; margin-bottom: 10px;\">100%<\/div>\n<div style=\"font-weight: bold;\">EFFICIENZA DI RAFFREDDAMENTO<\/div>\n<\/div>\n<div style=\"background: #fff; border: 1px solid #e5ecef; border-radius: 16px; padding: 25px; text-align: center; box-shadow: 0 8px 24px rgba(0,0,0,0.04);\">\n<div style=\"font-size: 32px; font-weight: bold; color: #0b6b7a; margin-bottom: 10px;\">100%<\/div>\n<div style=\"font-weight: bold;\">PRODUZIONE NAZIONALE<\/div>\n<\/div>\n<div style=\"background: #fff; border: 1px solid #e5ecef; border-radius: 16px; padding: 25px; text-align: center; box-shadow: 0 8px 24px rgba(0,0,0,0.04);\">\n<div style=\"font-size: 32px; font-weight: bold; color: #0b6b7a; margin-bottom: 10px;\">SPECIALE<\/div>\n<div style=\"font-weight: bold;\">PRODUZIONE NELLE DIMENSIONI DESIDERATE<\/div>\n<\/div>\n<\/div>\n<\/section><section style=\"max-width: 1200px; margin: 0 auto 50px auto; padding: 0 15px;\">\n<div style=\"display: grid; grid-template-columns: 1.05fr 0.95fr; gap: 35px; align-items: start;\">\n<div>\n<h2 style=\"font-size: 30px; margin-bottom: 18px; color: #0d2f3a;\">Perch\u00e9 scegliere Aqua Maker?<\/h2>\n<p style=\"text-align: justify;\">Questo sistema, che offre un\u2019infrastruttura durevole per <b>raffreddamento evaporativo<\/b> grazie alla sua struttura in PVC che non si deteriora n\u00e9 arrugginisce mai, viene prodotto localmente nei nostri stabilimenti nelle dimensioni desiderate. Nei nostri componenti di collegamento vengono utilizzati prodotti Pimta\u015f. La struttura Aqua Maker \u00e8 interamente composta da componenti in plastica PVC. Anche i componenti ausiliari utilizzano prodotti Pimta\u015f, la cui qualit\u00e0 e affidabilit\u00e0 sono state comprovate.<\/p>\n\n<\/div>\n<div style=\"background: #eef6f8; border-radius: 20px; padding: 30px;\">\n<ul style=\"margin: 0; padding-left: 20px;\">\n \t<li>Struttura in PVC che non si deteriora n\u00e9 arrugginisce<\/li>\n \t<li>Produzione nazionale nei nostri stabilimenti<\/li>\n \t<li>Produzione nelle dimensioni desiderate<\/li>\n \t<li>Componenti di collegamento Pimta\u015f<\/li>\n \t<li>Lunga durata di utilizzo<\/li>\n \t<li>Struttura adatta ai sistemi di raffreddamento evaporativo<\/li>\n<\/ul>\n<\/div>\n<\/div>\n<\/section><section style=\"max-width: 1200px; margin: 0 auto 45px auto; padding: 0 15px;\">\n<h3 style=\"font-size: 25px; margin-bottom: 18px; color: #0d2f3a;\">Differenze tra il Telaio di Raffreddamento Evaporativo Aqua Maker in PVC e la Cassa Zincata<\/h3>\n<p style=\"text-align: justify;\"><strong>I pannelli di raffreddamento evaporativo<\/strong> (celdek) lavorano a contatto continuo con l\u2019acqua. Le casse in lamiera zincata si corrodono nel tempo a causa dell\u2019effetto abrasivo dell\u2019acqua e si deteriorano entro 5\u201310 anni. Questo riduce l\u2019efficienza del pannello, provoca perdite d\u2019acqua e aumenta i costi di manutenzione. Il sistema Aqua Maker in PVC, invece, \u00e8 completamente resistente all\u2019acqua, all\u2019umidit\u00e0, agli ambienti acidi e ai raggi solari.<\/p>\n\n<\/section><section style=\"max-width: 1200px; margin: 0 auto 50px auto; padding: 0 15px;\">\n<h2 style=\"font-size: 24px; margin-bottom: 22px; color: #0d2f3a;\">Confronto tra il Telaio Evaporativo Aqua Maker in PVC e la Cassa di Raffreddamento Zincata<\/h2>\n<div style=\"overflow-x: auto;\">\n<table style=\"width: 100%; border-collapse: collapse; min-width: 900px; background: #fff; border: 1px solid #e5ecef;\">\n<thead>\n<tr style=\"background: #0b6b7a; color: #fff;\">\n<th style=\"padding: 16px; text-align: left;\"><span style=\"color: #ffff99;\">CARATTERISTICA<\/span><\/th>\n<th style=\"padding: 16px; text-align: left;\"><span style=\"color: #ffff99;\">CASSA ZINCATA<\/span><\/th>\n<th style=\"padding: 16px; text-align: left;\"><span style=\"color: #ffff99;\">TELAIO PVC AQUA MAKER<\/span><\/th>\n<\/tr>\n<\/thead>\n<tbody>\n<tr>\n<td style=\"padding: 14px; border-top: 1px solid #e5ecef;\">Resistenza alla corrosione<\/td>\n<td style=\"padding: 14px; border-top: 1px solid #e5ecef;\">Si deteriora in 5-10 anni<\/td>\n<td style=\"padding: 14px; border-top: 1px solid #e5ecef;\">Non si deteriora mai<\/td>\n<\/tr>\n<tr style=\"background: #f8fbfc;\">\n<td style=\"padding: 14px; border-top: 1px solid #e5ecef;\">Resistenza ai raggi UV<\/td>\n<td style=\"padding: 14px; border-top: 1px solid #e5ecef;\">La vernice si degrada nel tempo<\/td>\n<td style=\"padding: 14px; border-top: 1px solid #e5ecef;\">PVC resistente ai raggi UV, nessuno scolorimento<\/td>\n<\/tr>\n<tr>\n<td style=\"padding: 14px; border-top: 1px solid #e5ecef;\">Resistenza all\u2019acqua<\/td>\n<td style=\"padding: 14px; border-top: 1px solid #e5ecef;\">Si usura con il tempo<\/td>\n<td style=\"padding: 14px; border-top: 1px solid #e5ecef;\">Totalmente resistente<\/td>\n<\/tr>\n<tr style=\"background: #f8fbfc;\">\n<td style=\"padding: 14px; border-top: 1px solid #e5ecef;\">Peso<\/td>\n<td style=\"padding: 14px; border-top: 1px solid #e5ecef;\">Pesante<\/td>\n<td style=\"padding: 14px; border-top: 1px solid #e5ecef;\">Pi\u00f9 leggero<\/td>\n<\/tr>\n<tr>\n<td style=\"padding: 14px; border-top: 1px solid #e5ecef;\">Costo di manutenzione<\/td>\n<td style=\"padding: 14px; border-top: 1px solid #e5ecef;\">Elevato<\/td>\n<td style=\"padding: 14px; border-top: 1px solid #e5ecef;\">Ridotto<\/td>\n<\/tr>\n<tr style=\"background: #f8fbfc;\">\n<td style=\"padding: 14px; border-top: 1px solid #e5ecef;\">Misure speciali<\/td>\n<td style=\"padding: 14px; border-top: 1px solid #e5ecef;\">Limitate<\/td>\n<td style=\"padding: 14px; border-top: 1px solid #e5ecef;\">Su misura<\/td>\n<\/tr>\n<tr>\n<td style=\"padding: 14px; border-top: 1px solid #e5ecef;\">Produzione<\/td>\n<td style=\"padding: 14px; border-top: 1px solid #e5ecef;\">Prodotto standard<\/td>\n<td style=\"padding: 14px; border-top: 1px solid #e5ecef;\">Produzione AQUA MAKER<\/td>\n<\/tr>\n<tr style=\"background: #f8fbfc;\">\n<td style=\"padding: 14px; border-top: 1px solid #e5ecef;\">Installazione<\/td>\n<td style=\"padding: 14px; border-top: 1px solid #e5ecef;\">Difficile e costosa<\/td>\n<td style=\"padding: 14px; border-top: 1px solid #e5ecef;\">Pronto all\u2019uso, senza serbatoio aggiuntivo<\/td>\n<\/tr>\n<\/tbody>\n<\/table>\n<\/div>\n<\/section><section style=\"max-width: 1200px; margin: 0 auto 55px auto; padding: 0 15px;\">\n<h2 style=\"font-size: 30px; margin-bottom: 22px; color: #0d2f3a;\">Caratteristiche Principali<\/h2>\n<div style=\"display: grid; grid-template-columns: repeat(2,1fr); gap: 24px;\">\n<div style=\"background: #fff; border: 1px solid #e5ecef; border-radius: 18px; padding: 28px;\">\n<h3 style=\"margin-top: 0; color: #0b6b7a;\">\ud83d\udee1\ufe0f Struttura che non si deteriora n\u00e9 arrugginisce<\/h3>\n<p style=\"margin-bottom: 0; text-align: justify;\">Il telaio del pannello di raffreddamento Aqua Maker con serbatoio integrato offre una protezione totale contro gli effetti abrasivi dell\u2019acqua, dell\u2019umidit\u00e0 e degli ambienti acidi grazie al materiale PVC ad alta resistenza, a differenza delle casse zincate. La struttura non si deteriora per tutta la sua durata.<\/p>\n\n<\/div>\n<div style=\"background: #fff; border: 1px solid #e5ecef; border-radius: 18px; padding: 28px;\">\n<h3 style=\"margin-top: 0; color: #0b6b7a;\">\ud83d\udcd0 Produzione su misura nelle dimensioni desiderate<\/h3>\n<p style=\"margin-bottom: 0; text-align: justify;\">Produciamo nei nostri stabilimenti i telai dei pannelli di raffreddamento Aqua Maker in PVC e le casse in plastica PVC. Possiamo realizzare produzioni su misura in base alle dimensioni della vostra struttura. Nei nostri componenti di collegamento utilizziamo prodotti Pimta\u015f. Non vengono utilizzati componenti di bassa qualit\u00e0. La struttura modulare consente un\u2019installazione facile.<\/p>\n\n<\/div>\n<div style=\"background: #fff; border: 1px solid #e5ecef; border-radius: 18px; padding: 28px;\">\n<h3 style=\"margin-top: 0; color: #0b6b7a;\">\u2600\ufe0f Struttura esterna e componenti resistenti ai raggi UV<\/h3>\n<p style=\"margin-bottom: 0; text-align: justify;\">Le casse dei pannelli installate su tetti o facciate esterne sono costantemente esposte al sole. La nostra struttura in PVC resistente ai raggi UV non diventa fragile n\u00e9 perde colore sotto l\u2019esposizione solare. Offre un\u2019elevata resistenza contro crepe e rotture.<\/p>\n\n<\/div>\n<div style=\"background: #fff; border: 1px solid #e5ecef; border-radius: 18px; padding: 28px;\">\n<h3 style=\"margin-top: 0; color: #0b6b7a;\">\ud83d\udd04 Compatibilit\u00e0 dei pannelli di raffreddamento<\/h3>\n<p style=\"margin-bottom: 0; text-align: justify;\">Le casse dei pannelli di raffreddamento Aqua Maker in plastica PVC sono completamente compatibili con i pannelli di raffreddamento cellulosici Aqua Maker (celdek). La sostituzione dei pannelli pu\u00f2 essere effettuata in modo semplice e pratico.<\/p>\n\n<\/div>\n<\/div>\n<\/section><section style=\"padding: 55px 25px; background: #f3f8fa; margin-bottom: 50px;\">\n<div style=\"max-width: 1200px; margin: 0 auto;\">\n<h2 style=\"font-size: 30px; margin-top: 0; margin-bottom: 20px; color: #0d2f3a;\">Come funziona il sistema di telaio dei pannelli di raffreddamento evaporativo Aqua Maker in PVC?<\/h2>\n<p style=\"margin: 0; text-align: justify;\">Il sistema Aqua Maker in PVC con serbatoio integrato viene installato su un lato dell\u2019edificio. Mentre i ventilatori industriali di estrazione posizionati sul lato opposto aspirano l\u2019aria interna, l\u2019aria fresca esterna passa attraverso i pannelli di raffreddamento evaporativo cellulosici bagnati all\u2019interno della struttura in plastica ed entra all\u2019interno. Durante questo passaggio l\u2019aria viene raffreddata e filtrata. Questo sistema \u00e8 chiamato \u201csistema Pad-Fan\u201d ed \u00e8 uno dei metodi di raffreddamento evaporativo pi\u00f9 efficienti negli impianti industriali.<\/p>\n\n<\/div>\n<\/section><section style=\"max-width: 1200px; margin: 0 auto 55px auto; padding: 0 15px;\">\n<h2 style=\"font-size: 30px; margin-bottom: 22px; color: #0d2f3a;\">Aree di utilizzo del telaio di raffreddamento AQUA MAKER in PVC<\/h2>\n<div style=\"display: grid; grid-template-columns: repeat(3,1fr); gap: 24px;\">\n<div style=\"background: #fff; border: 1px solid #e5ecef; border-radius: 18px; padding: 28px;\">\n<h3 style=\"margin-top: 0;\">\ud83c\udfed Fabbriche e officine<\/h3>\n<p style=\"margin-bottom: 0; text-align: justify;\">Sistema di telaio per pannelli di raffreddamento evaporativo in PVC con serbatoio integrato per applicazioni di raffreddamento a parete in impianti di grande volume.<\/p>\n\n<\/div>\n<div style=\"background: #fff; border: 1px solid #e5ecef; border-radius: 18px; padding: 28px;\">\n<h3 style=\"margin-top: 0;\">\ud83d\udc14 Allevamenti avicoli<\/h3>\n<p style=\"margin-bottom: 0; text-align: justify;\">Il sistema di raffreddamento Aqua Maker in PVC offre una durata molto pi\u00f9 lunga rispetto ai sistemi galvanizzati grazie alla sua resistenza all\u2019ammoniaca e all\u2019umidit\u00e0 nei sistemi di ventilazione degli allevamenti.<\/p>\n\n<\/div>\n<div style=\"background: #fff; border: 1px solid #e5ecef; border-radius: 18px; padding: 28px;\">\n<h3 style=\"margin-top: 0;\">\ud83c\udf3f Serre<\/h3>\n<p style=\"margin-bottom: 0; text-align: justify;\">Nei sistemi di raffreddamento delle serre, offre un\u2019infrastruttura senza corrosione per applicazioni pad-fan con ventilatori di estrazione e consente un utilizzo affidabile a lungo termine. Sistema Aqua Maker in PVC con serbatoio d\u2019acqua integrato.<\/p>\n\n<\/div>\n<\/div>\n<\/section><section style=\"max-width: 1200px; margin: 0 auto 45px auto; padding: 0 15px;\">\n<div style=\"background: linear-gradient(135deg,#0b6b7a,#104d57); color: #fff; border-radius: 22px; padding: 38px;\">\n<h2 style=\"margin-top: 0; font-size: 30px;\"><span style=\"color: #ffff99;\">Nei vostri pollai e serre, la cassa del pannello di raffreddamento galvanizzato si \u00e8 deteriorata?<\/span><\/h2>\n<p style=\"margin-bottom: 0; font-size: 17px; text-align: justify;\">Se nel vostro sistema attuale di raffreddamento evaporativo si verifica il deterioramento della cassa galvanizzata, potete sostituirla con il sistema di pannelli con cassa in plastica PVC Aqua Maker. Realizziamo produzioni su misura in base alle dimensioni del vostro sistema esistente. Ottenete un raffreddamento efficiente per molti anni senza affrontare nuovamente problemi di deterioramento.<\/p>\n\n<\/div>\n<\/section><section style=\"max-width: 1200px; margin: 0 auto; padding: 0 15px 20px 15px;\">\n<h2 style=\"font-size: 30px; margin-bottom: 18px; color: #0d2f3a;\">AQUA MAKER, Soluzione di Raffreddamento Evaporativo (CELDEK)<\/h2>\n<p style=\"margin: 0; text-align: justify;\">Offriamo un sistema completo di raffreddamento e ventilazione insieme al sistema di pannelli Aqua Maker in plastica PVC con serbatoio d\u2019acqua integrato, pannelli di raffreddamento evaporativo cellulosici (CELDEK), raffrescatori evaporativi industriali e ventilatori di estrazione. Potete inoltre consultare le nostre soluzioni di condotti di ventilazione in tessuto per garantire una distribuzione omogenea dell\u2019aria fresca all\u2019interno dell\u2019impianto. Siamo al vostro fianco con il vantaggio di una soluzione completa sotto un unico tetto.<\/p>\n\n<\/section><\/div>\t\t\t\t\t\t\t\t<\/div>\n\t\t\t\t<\/div>\n\t\t\t\t\t<\/div>\n\t\t<\/div>\n\t\t\t\t\t<\/div>\n\t\t<\/section>\n\t\t\t\t<\/div>\n\t\t","protected":false},"excerpt":{"rendered":"<p>Opuscolo Soluzione di Raffreddamento Evaporativo di Produzione Nazionale Sistema di Pannelli di Raffreddamento Evaporativo Aqua Maker in Plastica PVC con Serbatoio d\u2019Acqua Integrato Nei pollai e nelle serre, le tradizionali casse zincate utilizzate nei sistemi di raffreddamento evaporativo (celdek) sono costantemente esposte all\u2019acqua e all\u2019umidit\u00e0, deteriorandosi e diventando inutilizzabili entro 5\u201310 anni. Noi di Aqua [&hellip;]<\/p>\n","protected":false},"author":1,"featured_media":0,"parent":0,"menu_order":0,"comment_status":"closed","ping_status":"closed","template":"","meta":{"footnotes":""},"class_list":["post-1239","page","type-page","status-publish","hentry"],"_links":{"self":[{"href":"https:\/\/pvcaquamaker.com\/it\/wp-json\/wp\/v2\/pages\/1239","targetHints":{"allow":["GET"]}}],"collection":[{"href":"https:\/\/pvcaquamaker.com\/it\/wp-json\/wp\/v2\/pages"}],"about":[{"href":"https:\/\/pvcaquamaker.com\/it\/wp-json\/wp\/v2\/types\/page"}],"author":[{"embeddable":true,"href":"https:\/\/pvcaquamaker.com\/it\/wp-json\/wp\/v2\/users\/1"}],"replies":[{"embeddable":true,"href":"https:\/\/pvcaquamaker.com\/it\/wp-json\/wp\/v2\/comments?post=1239"}],"version-history":[{"count":4,"href":"https:\/\/pvcaquamaker.com\/it\/wp-json\/wp\/v2\/pages\/1239\/revisions"}],"predecessor-version":[{"id":1243,"href":"https:\/\/pvcaquamaker.com\/it\/wp-json\/wp\/v2\/pages\/1239\/revisions\/1243"}],"wp:attachment":[{"href":"https:\/\/pvcaquamaker.com\/it\/wp-json\/wp\/v2\/media?parent=1239"}],"curies":[{"name":"wp","href":"https:\/\/api.w.org\/{rel}","templated":true}]}}