{"id":1233,"date":"2026-04-16T11:58:06","date_gmt":"2026-04-16T08:58:06","guid":{"rendered":"https:\/\/pvcaquamaker.com\/fr\/?page_id=1233"},"modified":"2026-04-16T12:04:07","modified_gmt":"2026-04-16T09:04:07","slug":"brochure","status":"publish","type":"page","link":"https:\/\/pvcaquamaker.com\/fr\/brochure\/","title":{"rendered":"Brochure"},"content":{"rendered":"\t\t<div data-elementor-type=\"wp-page\" data-elementor-id=\"1233\" class=\"elementor elementor-1233\">\n\t\t\t\t\t\t<section class=\"elementor-section elementor-top-section elementor-element elementor-element-9ef1417 elementor-section-boxed elementor-section-height-default elementor-section-height-default\" data-id=\"9ef1417\" data-element_type=\"section\" data-e-type=\"section\" data-settings=\"{&quot;background_background&quot;:&quot;slideshow&quot;,&quot;background_slideshow_gallery&quot;:[{&quot;id&quot;:598,&quot;url&quot;:&quot;https:\\\/\\\/pvcaquamaker.com\\\/fr\\\/wp-content\\\/uploads\\\/2024\\\/09\\\/alt-slider-22.jpg&quot;},{&quot;id&quot;:536,&quot;url&quot;:&quot;https:\\\/\\\/pvcaquamaker.com\\\/fr\\\/wp-content\\\/uploads\\\/2024\\\/09\\\/alt_slider.jpg&quot;}],&quot;background_slideshow_ken_burns&quot;:&quot;yes&quot;,&quot;background_slideshow_loop&quot;:&quot;yes&quot;,&quot;background_slideshow_slide_duration&quot;:5000,&quot;background_slideshow_slide_transition&quot;:&quot;fade&quot;,&quot;background_slideshow_transition_duration&quot;:500,&quot;background_slideshow_ken_burns_zoom_direction&quot;:&quot;in&quot;}\">\n\t\t\t\t\t\t<div class=\"elementor-container elementor-column-gap-default\">\n\t\t\t\t\t<div class=\"elementor-column elementor-col-100 elementor-top-column elementor-element elementor-element-a19d93e\" data-id=\"a19d93e\" data-element_type=\"column\" data-e-type=\"column\">\n\t\t\t<div class=\"elementor-widget-wrap elementor-element-populated\">\n\t\t\t\t\t\t<div class=\"elementor-element elementor-element-f46a599 elementor-widget elementor-widget-gva-heading-block\" data-id=\"f46a599\" data-element_type=\"widget\" data-e-type=\"widget\" data-widget_type=\"gva-heading-block.default\">\n\t\t\t\t<div class=\"elementor-widget-container\">\n\t\t\t\t\t<div class=\"gva-element-gva-heading-block gva-element\">   <div class=\"align-left style-1 widget gsc-heading box-align-left auto-responsive\">\r\n      <div class=\"content-inner\">\r\n         \r\n                  \r\n           \r\n         \r\n                     <h2 class=\"title\">\r\n               <span>Brochure<\/span>\r\n            <\/h2>\r\n                  \r\n         \r\n         \r\n      <\/div>\r\n   <\/div>\r\n<\/div>\t\t\t\t<\/div>\n\t\t\t\t<\/div>\n\t\t\t\t\t<\/div>\n\t\t<\/div>\n\t\t\t\t\t<\/div>\n\t\t<\/section>\n\t\t\t\t<section class=\"elementor-section elementor-top-section elementor-element elementor-element-34b73320 elementor-section-boxed elementor-section-height-default elementor-section-height-default\" data-id=\"34b73320\" data-element_type=\"section\" data-e-type=\"section\">\n\t\t\t\t\t\t<div class=\"elementor-container elementor-column-gap-no\">\n\t\t\t\t\t<div class=\"elementor-column elementor-col-100 elementor-top-column elementor-element elementor-element-5c9a814\" data-id=\"5c9a814\" data-element_type=\"column\" data-e-type=\"column\">\n\t\t\t<div class=\"elementor-widget-wrap elementor-element-populated\">\n\t\t\t\t\t\t<div class=\"elementor-element elementor-element-a181afc elementor-widget elementor-widget-text-editor\" data-id=\"a181afc\" data-element_type=\"widget\" data-e-type=\"widget\" data-widget_type=\"text-editor.default\">\n\t\t\t\t<div class=\"elementor-widget-container\">\n\t\t\t\t\t\t\t\t\t<div class=\"aqua-maker-page\" style=\"font-family: Arial, sans-serif; color: #222; line-height: 1.7;\"><section style=\"padding: 60px 25px; background: #f7fbfc; border-radius: 18px; margin-bottom: 30px;\">\n<div style=\"max-width: 1200px; margin: 0 auto;\">\n\n<span style=\"display: inline-block; padding: 8px 16px; background: #0b6b7a; color: #fff; border-radius: 30px; font-size: 14px; margin-bottom: 18px;\">Solution de refroidissement \u00e9vaporatif de production locale<\/span>\n<h1 style=\"font-size: 29px; line-height: 1.2; margin: 0 0 20px 0; color: #0d2f3a;\">Syst\u00e8me de panneaux de refroidissement \u00e9vaporatif Aqua Maker en plastique PVC avec r\u00e9servoir d\u2019eau int\u00e9gr\u00e9<\/h1>\n<p style=\"font-size: 18px; max-width: 1200px; margin: 0; text-align: justify;\">Dans les poulaillers et les serres, les caissons galvanis\u00e9s traditionnels utilis\u00e9s dans les syst\u00e8mes de <strong>refroidissement \u00e9vaporatif<\/strong> (celdek) sont constamment expos\u00e9s \u00e0 l\u2019eau et \u00e0 l\u2019humidit\u00e9, ce qui entra\u00eene leur d\u00e9gradation et les rend inutilisables en 5 \u00e0 10 ans. En tant qu\u2019Aqua Maker, avec plus de 20 ans d\u2019exp\u00e9rience sur le terrain, nous avons identifi\u00e9 ce probl\u00e8me et d\u00e9velopp\u00e9 sa solution : un syst\u00e8me de panneaux de refroidissement \u00e9vaporatif en plastique PVC avec r\u00e9servoir int\u00e9gr\u00e9.<\/p>\n\n<\/div>\n<\/section><section style=\"max-width: 1200px; margin: 0 auto 40px auto; padding: 0 15px;\">\n<div style=\"display: grid; grid-template-columns: repeat(4,1fr); gap: 20px;\">\n<div style=\"background: #fff; border: 1px solid #e5ecef; border-radius: 16px; padding: 25px; text-align: center; box-shadow: 0 8px 24px rgba(0,0,0,0.04);\">\n<div style=\"font-size: 32px; font-weight: bold; color: #0b6b7a; margin-bottom: 10px;\">100%<\/div>\n<div style=\"font-weight: bold;\">RISQUE DE D\u00c9GRADATION ET DE CORROSION<\/div>\n<\/div>\n<div style=\"background: #fff; border: 1px solid #e5ecef; border-radius: 16px; padding: 25px; text-align: center; box-shadow: 0 8px 24px rgba(0,0,0,0.04);\">\n<div style=\"font-size: 32px; font-weight: bold; color: #0b6b7a; margin-bottom: 10px;\">100%<\/div>\n<div style=\"font-weight: bold;\">EFFICACIT\u00c9 DE REFROIDISSEMENT<\/div>\n<\/div>\n<div style=\"background: #fff; border: 1px solid #e5ecef; border-radius: 16px; padding: 25px; text-align: center; box-shadow: 0 8px 24px rgba(0,0,0,0.04);\">\n<div style=\"font-size: 32px; font-weight: bold; color: #0b6b7a; margin-bottom: 10px;\">100%<\/div>\n<div style=\"font-weight: bold;\">PRODUCTION NATIONALE<\/div>\n<\/div>\n<div style=\"background: #fff; border: 1px solid #e5ecef; border-radius: 16px; padding: 25px; text-align: center; box-shadow: 0 8px 24px rgba(0,0,0,0.04);\">\n<div style=\"font-size: 32px; font-weight: bold; color: #0b6b7a; margin-bottom: 10px;\">SP\u00c9CIAL<\/div>\n<div style=\"font-weight: bold;\">PRODUCTION AUX DIMENSIONS SOUHAIT\u00c9ES<\/div>\n<\/div>\n<\/div>\n<\/section><section style=\"max-width: 1200px; margin: 0 auto 50px auto; padding: 0 15px;\">\n<div style=\"display: grid; grid-template-columns: 1.05fr 0.95fr; gap: 35px; align-items: start;\">\n<div>\n<h2 style=\"font-size: 30px; margin-bottom: 18px; color: #0d2f3a;\">Pourquoi choisir Aqua Maker ?<\/h2>\n<p style=\"text-align: justify;\">Ce syst\u00e8me, offrant une infrastructure durable de <b>refroidissement \u00e9vaporatif<\/b> gr\u00e2ce \u00e0 sa structure en PVC qui ne se d\u00e9t\u00e9riore ni ne rouille jamais, est fabriqu\u00e9 localement dans nos propres installations selon les dimensions souhait\u00e9es. Les \u00e9quipements de connexion utilisent des produits Pimta\u015f. La structure Aqua Maker est enti\u00e8rement compos\u00e9e d\u2019\u00e9quipements en plastique PVC. Les \u00e9quipements auxiliaires sont des produits Pimta\u015f ayant prouv\u00e9 leur qualit\u00e9 et leur fiabilit\u00e9.<\/p>\n\n<\/div>\n<div style=\"background: #eef6f8; border-radius: 20px; padding: 30px;\">\n<ul style=\"margin: 0; padding-left: 20px;\">\n<li>Structure PVC qui ne se d\u00e9t\u00e9riore ni ne rouille<\/li>\n<li>Production locale dans nos installations<\/li>\n<li>Fabrication sur mesure<\/li>\n<li>\u00c9quipements de connexion Pimta\u015f<\/li>\n<li>Longue dur\u00e9e de vie<\/li>\n<li>Structure adapt\u00e9e aux syst\u00e8mes de refroidissement \u00e9vaporatif<\/li>\n<\/ul>\n<\/div>\n<\/div>\n<\/section><section style=\"max-width: 1200px; margin: 0 auto 45px auto; padding: 0 15px;\">\n<h3 style=\"font-size: 25px; margin-bottom: 18px; color: #0d2f3a;\">Diff\u00e9rences entre le cadre Aqua Maker en PVC et le caisson galvanis\u00e9<\/h3>\n<p style=\"text-align: justify;\"><strong>Les panneaux de refroidissement \u00e9vaporatif<\/strong> (celdek) sont en contact permanent avec l\u2019eau. Les caissons en t\u00f4le galvanis\u00e9e se corrodent avec le temps sous l\u2019effet abrasif de l\u2019eau et se d\u00e9t\u00e9riorent en 5 \u00e0 10 ans. Cela r\u00e9duit l\u2019efficacit\u00e9 du syst\u00e8me, provoque des fuites d\u2019eau et augmente les co\u00fbts de maintenance. Le syst\u00e8me Aqua Maker en PVC, quant \u00e0 lui, est enti\u00e8rement r\u00e9sistant \u00e0 l\u2019eau, \u00e0 l\u2019humidit\u00e9, aux environnements acides et aux rayons du soleil gr\u00e2ce \u00e0 son mat\u00e9riau PVC haute r\u00e9sistance et r\u00e9sistant aux UV.<\/p>\n\n<\/section><section style=\"max-width: 1200px; margin: 0 auto 50px auto; padding: 0 15px;\">\n<h2 style=\"font-size: 24px; margin-bottom: 22px; color: #0d2f3a;\">Comparaison entre le cadre Aqua Maker en PVC et le caisson galvanis\u00e9<\/h2>\n<div style=\"overflow-x: auto;\">\n<table style=\"width: 100%; border-collapse: collapse; min-width: 900px; background: #fff; border: 1px solid #e5ecef;\">\n<thead>\n<tr style=\"background: #0b6b7a; color: #fff;\">\n<th style=\"padding: 16px; text-align: left;\"><span style=\"color: #ffff99;\">CARACT\u00c9RISTIQUE<\/span><\/th>\n<th style=\"padding: 16px; text-align: left;\"><span style=\"color: #ffff99;\">CAISSON GALVANIS\u00c9<\/span><\/th>\n<th style=\"padding: 16px; text-align: left;\"><span style=\"color: #ffff99;\">CADRE PVC AQUA MAKER<\/span><\/th>\n<\/tr>\n<\/thead>\n<tbody>\n<tr>\n<td style=\"padding: 14px; border-top: 1px solid #e5ecef;\">R\u00e9sistance \u00e0 la corrosion<\/td>\n<td style=\"padding: 14px; border-top: 1px solid #e5ecef;\">Se d\u00e9t\u00e9riore en 5-10 ans<\/td>\n<td style=\"padding: 14px; border-top: 1px solid #e5ecef;\">Ne se d\u00e9t\u00e9riore jamais<\/td>\n<\/tr>\n<tr style=\"background: #f8fbfc;\">\n<td style=\"padding: 14px; border-top: 1px solid #e5ecef;\">R\u00e9sistance UV<\/td>\n<td style=\"padding: 14px; border-top: 1px solid #e5ecef;\">La peinture se d\u00e9grade<\/td>\n<td style=\"padding: 14px; border-top: 1px solid #e5ecef;\">PVC r\u00e9sistant aux UV, aucune d\u00e9coloration<\/td>\n<\/tr>\n<tr>\n<td style=\"padding: 14px; border-top: 1px solid #e5ecef;\">R\u00e9sistance \u00e0 l\u2019eau<\/td>\n<td style=\"padding: 14px; border-top: 1px solid #e5ecef;\">S\u2019use avec le temps<\/td>\n<td style=\"padding: 14px; border-top: 1px solid #e5ecef;\">Totalement r\u00e9sistant<\/td>\n<\/tr>\n<tr style=\"background: #f8fbfc;\">\n<td style=\"padding: 14px; border-top: 1px solid #e5ecef;\">Poids<\/td>\n<td style=\"padding: 14px; border-top: 1px solid #e5ecef;\">Lourd<\/td>\n<td style=\"padding: 14px; border-top: 1px solid #e5ecef;\">Plus l\u00e9ger<\/td>\n<\/tr>\n<tr>\n<td style=\"padding: 14px; border-top: 1px solid #e5ecef;\">Co\u00fbt d\u2019entretien<\/td>\n<td style=\"padding: 14px; border-top: 1px solid #e5ecef;\">\u00c9lev\u00e9<\/td>\n<td style=\"padding: 14px; border-top: 1px solid #e5ecef;\">Faible<\/td>\n<\/tr>\n<tr style=\"background: #f8fbfc;\">\n<td style=\"padding: 14px; border-top: 1px solid #e5ecef;\">Dimensions sp\u00e9ciales<\/td>\n<td style=\"padding: 14px; border-top: 1px solid #e5ecef;\">Limit\u00e9es<\/td>\n<td style=\"padding: 14px; border-top: 1px solid #e5ecef;\">Sur mesure<\/td>\n<\/tr>\n<tr>\n<td style=\"padding: 14px; border-top: 1px solid #e5ecef;\">Production<\/td>\n<td style=\"padding: 14px; border-top: 1px solid #e5ecef;\">Produit standard<\/td>\n<td style=\"padding: 14px; border-top: 1px solid #e5ecef;\">Fabrication AQUA MAKER<\/td>\n<\/tr>\n<tr style=\"background: #f8fbfc;\">\n<td style=\"padding: 14px; border-top: 1px solid #e5ecef;\">Installation<\/td>\n<td style=\"padding: 14px; border-top: 1px solid #e5ecef;\">Difficile et co\u00fbteuse<\/td>\n<td style=\"padding: 14px; border-top: 1px solid #e5ecef;\">Pr\u00eat \u00e0 l\u2019emploi, sans r\u00e9servoir suppl\u00e9mentaire<\/td>\n<\/tr>\n<\/tbody>\n<\/table>\n<\/div>\n<\/section><section style=\"max-width: 1200px; margin: 0 auto 55px auto; padding: 0 15px;\">\n<h2 style=\"font-size: 30px; margin-bottom: 22px; color: #0d2f3a;\">Caract\u00e9ristiques Principales<\/h2>\n<div style=\"display: grid; grid-template-columns: repeat(2,1fr); gap: 24px;\">\n<div style=\"background: #fff; border: 1px solid #e5ecef; border-radius: 18px; padding: 28px;\">\n<h3 style=\"margin-top: 0; color: #0b6b7a;\">\ud83d\udee1\ufe0f Structure Imputrescible et Anticorrosion<\/h3>\n<p style=\"margin-bottom: 0; text-align: justify;\">Le cadre de panneau de refroidissement Aqua Maker avec r\u00e9servoir int\u00e9gr\u00e9 offre une protection totale contre les effets abrasifs de l\u2019eau, de l\u2019humidit\u00e9 et des environnements acides gr\u00e2ce \u00e0 son mat\u00e9riau PVC haute r\u00e9sistance, contrairement aux caissons galvanis\u00e9s. Le caisson ne se d\u00e9t\u00e9riore jamais durant toute sa dur\u00e9e de vie.<\/p>\n\n<\/div>\n<div style=\"background: #fff; border: 1px solid #e5ecef; border-radius: 18px; padding: 28px;\">\n<h3 style=\"margin-top: 0; color: #0b6b7a;\">\ud83d\udcd0 Fabrication Sur Mesure<\/h3>\n<p style=\"margin-bottom: 0; text-align: justify;\">Nous produisons localement dans nos propres installations les cadres de panneaux de refroidissement en PVC Aqua Maker ainsi que les caissons en plastique PVC. Nous pouvons fabriquer des produits sur mesure selon les dimensions de votre installation. Les \u00e9quipements de connexion utilisent des produits Pimta\u015f. Aucun \u00e9quipement de connexion de qualit\u00e9 inf\u00e9rieure n\u2019est utilis\u00e9. Sa structure modulaire permet une installation facile.<\/p>\n\n<\/div>\n<div style=\"background: #fff; border: 1px solid #e5ecef; border-radius: 18px; padding: 28px;\">\n<h3 style=\"margin-top: 0; color: #0b6b7a;\">\u2600\ufe0f Structure Ext\u00e9rieure et \u00c9quipements R\u00e9sistants aux UV<\/h3>\n<p style=\"margin-bottom: 0; text-align: justify;\">Les caissons de panneaux install\u00e9s sur les toits ou en fa\u00e7ade ext\u00e9rieure sont constamment expos\u00e9s au soleil. Notre structure PVC r\u00e9sistante aux UV ne devient pas fragile et ne se d\u00e9colore pas sous l\u2019effet du soleil. Elle offre une grande r\u00e9sistance aux fissures et aux cassures.<\/p>\n\n<\/div>\n<div style=\"background: #fff; border: 1px solid #e5ecef; border-radius: 18px; padding: 28px;\">\n<h3 style=\"margin-top: 0; color: #0b6b7a;\">\ud83d\udd04 Compatibilit\u00e9 des Panneaux de Refroidissement<\/h3>\n<p style=\"margin-bottom: 0; text-align: justify;\">Les caissons de panneaux de refroidissement en plastique PVC Aqua Maker sont enti\u00e8rement compatibles avec les panneaux de refroidissement cellulosiques Aqua Maker (celdek). Le remplacement des panneaux peut \u00eatre effectu\u00e9 facilement et rapidement.<\/p>\n\n<\/div>\n<\/div>\n<\/section><section style=\"padding: 55px 25px; background: #f3f8fa; margin-bottom: 50px;\">\n<div style=\"max-width: 1200px; margin: 0 auto;\">\n<h2 style=\"font-size: 30px; margin-top: 0; margin-bottom: 20px; color: #0d2f3a;\">Comment Fonctionne le Syst\u00e8me de Cadre de Refroidissement \u00c9vaporatif Aqua Maker en PVC ?<\/h2>\n<p style=\"margin: 0; text-align: justify;\">Le syst\u00e8me Aqua Maker en PVC avec r\u00e9servoir d\u2019eau int\u00e9gr\u00e9 est install\u00e9 sur un c\u00f4t\u00e9 du b\u00e2timent. Tandis que les ventilateurs d\u2019extraction industriels plac\u00e9s du c\u00f4t\u00e9 oppos\u00e9 aspirent l\u2019air int\u00e9rieur, l\u2019air frais ext\u00e9rieur traverse les panneaux de refroidissement \u00e9vaporatifs cellulosiques humides situ\u00e9s dans le caisson plastique et entre \u00e0 l\u2019int\u00e9rieur. Pendant ce passage, l\u2019air est refroidi et filtr\u00e9. Ce syst\u00e8me est appel\u00e9 \u00ab syst\u00e8me Pad-Fan \u00bb et constitue l\u2019une des m\u00e9thodes de refroidissement \u00e9vaporatif les plus efficaces dans les installations industrielles.<\/p>\n\n<\/div>\n<\/section><section style=\"max-width: 1200px; margin: 0 auto 55px auto; padding: 0 15px;\">\n<h2 style=\"font-size: 30px; margin-bottom: 22px; color: #0d2f3a;\">Domaines d\u2019Utilisation du Cadre de Refroidissement AQUA MAKER en PVC<\/h2>\n<div style=\"display: grid; grid-template-columns: repeat(3,1fr); gap: 24px;\">\n<div style=\"background: #fff; border: 1px solid #e5ecef; border-radius: 18px; padding: 28px;\">\n<h3 style=\"margin-top: 0;\">\ud83c\udfed Usines et Ateliers<\/h3>\n<p style=\"margin-bottom: 0; text-align: justify;\">Syst\u00e8me de cadre de refroidissement \u00e9vaporatif en PVC avec r\u00e9servoir int\u00e9gr\u00e9 pour applications murales dans les installations industrielles de grand volume.<\/p>\n\n<\/div>\n<div style=\"background: #fff; border: 1px solid #e5ecef; border-radius: 18px; padding: 28px;\">\n<h3 style=\"margin-top: 0;\">\ud83d\udc14 Poulaillers et \u00c9levages Avicoles<\/h3>\n<p style=\"margin-bottom: 0; text-align: justify;\">Le syst\u00e8me de refroidissement Aqua Maker en PVC offre une dur\u00e9e de vie bien plus longue que les syst\u00e8mes galvanis\u00e9s gr\u00e2ce \u00e0 sa r\u00e9sistance \u00e0 l\u2019ammoniac et \u00e0 l\u2019humidit\u00e9 dans les syst\u00e8mes de ventilation des poulaillers.<\/p>\n\n<\/div>\n<div style=\"background: #fff; border: 1px solid #e5ecef; border-radius: 18px; padding: 28px;\">\n<h3 style=\"margin-top: 0;\">\ud83c\udf3f Serres<\/h3>\n<p style=\"margin-bottom: 0; text-align: justify;\">Dans les syst\u00e8mes de refroidissement des serres, il offre une infrastructure sans corrosion pour les applications pad-fan avec ventilateurs d\u2019extraction et permet une utilisation fiable \u00e0 long terme. Syst\u00e8me Aqua Maker en PVC avec r\u00e9servoir d\u2019eau int\u00e9gr\u00e9.<\/p>\n\n<\/div>\n<\/div>\n<\/section><section style=\"max-width: 1200px; margin: 0 auto 45px auto; padding: 0 15px;\">\n<div style=\"background: linear-gradient(135deg,#0b6b7a,#104d57); color: #fff; border-radius: 22px; padding: 38px;\">\n<h2 style=\"margin-top: 0; font-size: 30px;\"><span style=\"color: #ffff99;\">Dans vos poulaillers et serres, le caisson de votre panneau de refroidissement galvanis\u00e9 s\u2019est-il d\u00e9t\u00e9rior\u00e9 ?<\/span><\/h2>\n<p style=\"margin-bottom: 0; font-size: 17px; text-align: justify;\">Si vous rencontrez une d\u00e9gradation du caisson galvanis\u00e9 dans votre syst\u00e8me de refroidissement \u00e9vaporatif actuel, vous pouvez le remplacer par le syst\u00e8me de panneaux avec caisson en plastique PVC Aqua Maker. Nous r\u00e9alisons une fabrication sur mesure adapt\u00e9e aux dimensions de votre installation existante. Profitez d\u2019un refroidissement efficace pendant de longues ann\u00e9es sans rencontrer \u00e0 nouveau de probl\u00e8mes de d\u00e9t\u00e9rioration.<\/p>\n\n<\/div>\n<\/section><section style=\"max-width: 1200px; margin: 0 auto; padding: 0 15px 20px 15px;\">\n<h2 style=\"font-size: 30px; margin-bottom: 18px; color: #0d2f3a;\">AQUA MAKER, Solution de Refroidissement \u00c9vaporatif (CELDEK)<\/h2>\n<p style=\"margin: 0; text-align: justify;\">Nous proposons un syst\u00e8me complet de refroidissement et de ventilation comprenant le syst\u00e8me de panneaux en plastique PVC Aqua Maker avec r\u00e9servoir d\u2019eau int\u00e9gr\u00e9, des panneaux de refroidissement \u00e9vaporatif cellulosiques (CELDEK), des refroidisseurs \u00e9vaporatifs industriels et des ventilateurs d\u2019extraction. Vous pouvez \u00e9galement d\u00e9couvrir nos solutions de conduits de ventilation en textile pour assurer une distribution homog\u00e8ne de l\u2019air frais \u00e0 l\u2019int\u00e9rieur de l\u2019installation. Nous sommes \u00e0 vos c\u00f4t\u00e9s avec l\u2019avantage d\u2019une solution compl\u00e8te sous un m\u00eame toit.<\/p>\n\n<\/section><\/div>\t\t\t\t\t\t\t\t<\/div>\n\t\t\t\t<\/div>\n\t\t\t\t\t<\/div>\n\t\t<\/div>\n\t\t\t\t\t<\/div>\n\t\t<\/section>\n\t\t\t\t<\/div>\n\t\t","protected":false},"excerpt":{"rendered":"<p>Brochure Solution de refroidissement \u00e9vaporatif de production locale Syst\u00e8me de panneaux de refroidissement \u00e9vaporatif Aqua Maker en plastique PVC avec r\u00e9servoir d\u2019eau int\u00e9gr\u00e9 Dans les poulaillers et les serres, les caissons galvanis\u00e9s traditionnels utilis\u00e9s dans les syst\u00e8mes de refroidissement \u00e9vaporatif (celdek) sont constamment expos\u00e9s \u00e0 l\u2019eau et \u00e0 l\u2019humidit\u00e9, ce qui entra\u00eene leur d\u00e9gradation et [&hellip;]<\/p>\n","protected":false},"author":1,"featured_media":0,"parent":0,"menu_order":0,"comment_status":"closed","ping_status":"closed","template":"","meta":{"footnotes":""},"class_list":["post-1233","page","type-page","status-publish","hentry"],"_links":{"self":[{"href":"https:\/\/pvcaquamaker.com\/fr\/wp-json\/wp\/v2\/pages\/1233","targetHints":{"allow":["GET"]}}],"collection":[{"href":"https:\/\/pvcaquamaker.com\/fr\/wp-json\/wp\/v2\/pages"}],"about":[{"href":"https:\/\/pvcaquamaker.com\/fr\/wp-json\/wp\/v2\/types\/page"}],"author":[{"embeddable":true,"href":"https:\/\/pvcaquamaker.com\/fr\/wp-json\/wp\/v2\/users\/1"}],"replies":[{"embeddable":true,"href":"https:\/\/pvcaquamaker.com\/fr\/wp-json\/wp\/v2\/comments?post=1233"}],"version-history":[{"count":7,"href":"https:\/\/pvcaquamaker.com\/fr\/wp-json\/wp\/v2\/pages\/1233\/revisions"}],"predecessor-version":[{"id":1243,"href":"https:\/\/pvcaquamaker.com\/fr\/wp-json\/wp\/v2\/pages\/1233\/revisions\/1243"}],"wp:attachment":[{"href":"https:\/\/pvcaquamaker.com\/fr\/wp-json\/wp\/v2\/media?parent=1233"}],"curies":[{"name":"wp","href":"https:\/\/api.w.org\/{rel}","templated":true}]}}